{"id":20,"date":"2024-01-21T20:37:39","date_gmt":"2024-01-21T20:37:39","guid":{"rendered":"https:\/\/tehserv.srl\/?page_id=20"},"modified":"2024-01-21T20:37:39","modified_gmt":"2024-01-21T20:37:39","slug":"prima-pagina","status":"publish","type":"page","link":"https:\/\/tehserv.srl\/","title":{"rendered":"Prima pagin\u0103"},"content":{"rendered":"\n<p>Bine ai venit pe site-ul t\u0103u! Aceasta este prima ta pagin\u0103, v\u0103zut\u0103 de majoritatea vizitatorilor care vin pe site-ul t\u0103u pentru prima dat\u0103.<\/p>\n","protected":false},"excerpt":{"rendered":"<p>Bine ai venit pe site-ul t\u0103u! Aceasta este prima ta pagin\u0103, v\u0103zut\u0103 de majoritatea vizitatorilor care vin pe site-ul t\u0103u pentru prima dat\u0103.<\/p>\n","protected":false},"author":1,"featured_media":0,"parent":0,"menu_order":0,"comment_status":"closed","ping_status":"closed","template":"","meta":{"footnotes":""},"class_list":["post-20","page","type-page","status-publish","hentry"],"_links":{"self":[{"href":"https:\/\/tehserv.srl\/index.php?rest_route=\/wp\/v2\/pages\/20","targetHints":{"allow":["GET"]}}],"collection":[{"href":"https:\/\/tehserv.srl\/index.php?rest_route=\/wp\/v2\/pages"}],"about":[{"href":"https:\/\/tehserv.srl\/index.php?rest_route=\/wp\/v2\/types\/page"}],"author":[{"embeddable":true,"href":"https:\/\/tehserv.srl\/index.php?rest_route=\/wp\/v2\/users\/1"}],"replies":[{"embeddable":true,"href":"https:\/\/tehserv.srl\/index.php?rest_route=%2Fwp%2Fv2%2Fcomments&post=20"}],"version-history":[{"count":1,"href":"https:\/\/tehserv.srl\/index.php?rest_route=\/wp\/v2\/pages\/20\/revisions"}],"predecessor-version":[{"id":27,"href":"https:\/\/tehserv.srl\/index.php?rest_route=\/wp\/v2\/pages\/20\/revisions\/27"}],"wp:attachment":[{"href":"https:\/\/tehserv.srl\/index.php?rest_route=%2Fwp%2Fv2%2Fmedia&parent=20"}],"curies":[{"name":"wp","href":"https:\/\/api.w.org\/{rel}","templated":true}]}}