{"id":22,"date":"2024-01-21T20:37:39","date_gmt":"2024-01-21T20:37:39","guid":{"rendered":"https:\/\/tehserv.srl\/?page_id=22"},"modified":"2024-01-21T20:37:39","modified_gmt":"2024-01-21T20:37:39","slug":"contact","status":"publish","type":"page","link":"https:\/\/tehserv.srl\/?page_id=22","title":{"rendered":"Contact"},"content":{"rendered":"\n<p>Aceasta e o pagin\u0103 cu c\u00e2teva simple informa\u021bii de contact, cum ar fi adresa sau num\u0103rul de telefon. Ai putea s\u0103 \u00eencerci \u0219i un modul ca s\u0103 adaugi un formular de contact.<\/p>\n","protected":false},"excerpt":{"rendered":"<p>Aceasta e o pagin\u0103 cu c\u00e2teva simple informa\u021bii de contact, cum ar fi adresa sau num\u0103rul de telefon. Ai putea s\u0103 \u00eencerci \u0219i un modul ca s\u0103 adaugi un formular de contact.<\/p>\n","protected":false},"author":1,"featured_media":17,"parent":0,"menu_order":0,"comment_status":"closed","ping_status":"closed","template":"","meta":{"footnotes":""},"class_list":["post-22","page","type-page","status-publish","has-post-thumbnail","hentry"],"_links":{"self":[{"href":"https:\/\/tehserv.srl\/index.php?rest_route=\/wp\/v2\/pages\/22","targetHints":{"allow":["GET"]}}],"collection":[{"href":"https:\/\/tehserv.srl\/index.php?rest_route=\/wp\/v2\/pages"}],"about":[{"href":"https:\/\/tehserv.srl\/index.php?rest_route=\/wp\/v2\/types\/page"}],"author":[{"embeddable":true,"href":"https:\/\/tehserv.srl\/index.php?rest_route=\/wp\/v2\/users\/1"}],"replies":[{"embeddable":true,"href":"https:\/\/tehserv.srl\/index.php?rest_route=%2Fwp%2Fv2%2Fcomments&post=22"}],"version-history":[{"count":1,"href":"https:\/\/tehserv.srl\/index.php?rest_route=\/wp\/v2\/pages\/22\/revisions"}],"predecessor-version":[{"id":29,"href":"https:\/\/tehserv.srl\/index.php?rest_route=\/wp\/v2\/pages\/22\/revisions\/29"}],"wp:featuredmedia":[{"embeddable":true,"href":"https:\/\/tehserv.srl\/index.php?rest_route=\/wp\/v2\/media\/17"}],"wp:attachment":[{"href":"https:\/\/tehserv.srl\/index.php?rest_route=%2Fwp%2Fv2%2Fmedia&parent=22"}],"curies":[{"name":"wp","href":"https:\/\/api.w.org\/{rel}","templated":true}]}}